{"id":1944,"date":"2022-02-03T17:07:59","date_gmt":"2022-02-03T17:07:59","guid":{"rendered":"https:\/\/suwhotel.com\/tr\/?page_id=1944"},"modified":"2022-02-03T18:15:20","modified_gmt":"2022-02-03T18:15:20","slug":"gizlilik-politikasi","status":"publish","type":"page","link":"https:\/\/suwhotel.com\/tr\/gizlilik-politikasi\/","title":{"rendered":"Gizlilik Politikas\u0131"},"content":{"rendered":"<p><strong>G\u0130ZL\u0130L\u0130K \u0130LKELER\u0130<\/strong><\/p>\n<p><strong>suwhotel.com\u2019un (ECS SUW HOTEL) gizlilik politikas\u0131 a\u015fa\u011f\u0131da belirtilmi\u015ftir,<\/strong><\/p>\n<p><strong>suwhotel.com\u2019u ziyaret ederek a\u015fa\u011f\u0131daki \u015fartlar\u0131 ve kurallar\u0131 uygulamay\u0131 kabul etmi\u015f say\u0131lmaktas\u0131n\u0131z.<\/strong><\/p>\n<p><strong>\u00a0<\/strong><\/p>\n<p><strong>Sitemizde yer alan her t\u00fcrl\u00fc bilgi, i\u00e7erik, \u00fcr\u00fcn ve m\u00fc\u015fteri yorumlar\u0131 veya \u00fcyeler taraf\u0131ndan siteye eklenmi\u015f olan i\u00e7erikler de dahil, d\u00fczenlenmesi ve k\u0131smen\/tamamen kullan\u0131m\u0131 konusunda (bir s\u00f6zle\u015fme ile \u00fc\u00e7\u00fcnc\u00fc \u015fah\u0131slara ait olanlar hari\u00e7) t\u00fcm fikri-s\u0131nai haklar ve m\u00fclkiyet haklar\u0131 suwhotel.com\u2019a aittir.<\/strong><\/p>\n<p><strong>\u00a0<\/strong><\/p>\n<p><strong>M\u00fc\u015fteri taraf\u0131ndan sitede yay\u0131nlanmas\u0131na izin verilen t\u00fcm yaz\u0131, resim, video gibi i\u00e7erikler sadece bilgilendirme ama\u00e7l\u0131d\u0131r.<\/strong><\/p>\n<p><strong>\u00a0<\/strong><\/p>\n<p><strong>suwhotel.com \u00fcyelik s\u0131ras\u0131nda veya daha sonraki s\u00fcre\u00e7lerde sizden baz\u0131 ki\u015fisel bilgiler talep edebilir, bu bilgilerin di\u011fer \u00fcyelerin g\u00f6remeyece\u011fi ve ula\u015famayaca\u011f\u0131 \u015fekilde korunmas\u0131 ve g\u00fcvenle saklanmas\u0131 i\u00e7in suwhotel.com\u00a0 t\u00fcm \u00f6nlemleri almaktad\u0131r, bilgi al\u0131nan t\u00fcm sayfalar SSL g\u00fcvenlik sertifikas\u0131 ile korunmaktad\u0131r.<\/strong><\/p>\n<p><strong>\u00a0<\/strong><\/p>\n<p><strong>T\u00fcm online kredi kart\u0131 i\u015flemleri ve onaylar\u0131 taraf\u0131m\u0131zdan ba\u011f\u0131ms\u0131z olarak ilgili Banka ve benzeri Kart Kurulu\u015flar\u0131\u2018nca online olarak aran\u0131zda ger\u00e7ekle\u015ftirilmektedir, suwhotel.com \u0130NTERNET standartlar\u0131na her daim uyum sa\u011flayarak gereken t\u00fcm g\u00fcvenli \u00f6deme standartlar\u0131n\u0131 sa\u011flamaktad\u0131r.<\/strong><\/p>\n<p><strong>\u00a0<\/strong><\/p>\n<p><strong>Kay\u0131tl\u0131 bilgiler yasal d\u00fczenlemelerin \u00f6ng\u00f6rd\u00fc\u011f\u00fc sorumluluklar \u00e7er\u00e7evesinde ilgili kurulu\u015flara a\u00e7\u0131klanabilir. Ayr\u0131ca \u00fcyelikleri ve\/veya al\u0131\u015fveri\u015fleri s\u0131ras\u0131nda vermi\u015f olduklar\u0131 ileti\u015fim bilgileri (telefon, adres, e-mail vs) ve di\u011fer ki\u015fisel bilgiler Sitemize \u00fcyelik i\u015flemlerinizin yap\u0131lmas\u0131, g\u00fcncellenmesi, muhtelif \u00fcr\u00fcn\/hizmetlerin suwhotel.com\u00a0 ve i\u015f ortaklar\u0131 ve tedarik\u00e7ileri taraf\u0131ndan verilebilmesi\/sat\u0131m\u0131, \u00fcr\u00fcn\/hizmet \u00fccret-masraf\u0131 tahsilatlar\u0131 ve \u00e7e\u015fitli tan\u0131t\u0131m, reklam, promosyon, ileti\u015fim, sat\u0131\u015f ve \u00e7e\u015fitli uygulamalar i\u00e7in s\u00fcresiz olarak kayda al\u0131nabilir suwhotel.com\u00a0 ve belirtilen kurulu\u015flar nezdinde saklanabilir, i\u015flenebilir, gerekli g\u00f6r\u00fclen hal-yer ve zamanda payla\u015f\u0131labilir ve kullan\u0131labilir. \u0130ade durumunda m\u00fc\u015fterinin \u00fcr\u00fcnler i\u00e7in fatura ibraz etmesi zorunludur.<\/strong><\/p>\n<p><strong>\u00a0<\/strong><\/p>\n<p><strong>suwhotel.com dan sadece T\u00fcrkiye Cumhuriyeti s\u0131n\u0131rlar\u0131 i\u00e7erisine g\u00f6nderim yap\u0131lmaktad\u0131r.<\/strong><\/p>\n<p><strong>\u00a0<\/strong><\/p>\n<p><strong>Sipari\u015f \u00f6n bilgilendirme formu ve mesafeli sat\u0131\u015f s\u00f6zle\u015fmesi suwhotel.com\u2019dan yap\u0131lacak her al\u0131\u015fveri\u015f s\u0131ras\u0131nda g\u00f6r\u00fclebilecek ve ge\u00e7erli olacakt\u0131r.<\/strong><\/p>\n<p><strong>\u00a0<\/strong><\/p>\n<p><strong>suwhotel.com belirli d\u00f6nemlerde m\u00fc\u015fteri izinleri al\u0131nm\u0131\u015f ve segmente edilmi\u015f hedef kitlelerine eposta, sms ve di\u011fer y\u00f6ntemler ile pazarlama ve bilgi mesajlar\u0131 g\u00f6nderebilir, bu mesajlar\u0131 almak istemiyorsan\u0131z email i\u00e7erisindeki \u00fcyelikten ayr\u0131l linkine t\u0131klayarak eposta listesinden \u00e7\u0131kabilirsiniz.<\/strong><\/p>\n<p><strong>\u00a0<\/strong><\/p>\n<p><strong>Gizlilik politikam\u0131z ile ilgili her t\u00fcrl\u00fc soru ve \u00f6neriniz i\u00e7in sitemizdeki ileti\u015fim b\u00f6l\u00fcm\u00fcnden bize ula\u015fabilirsiniz.<\/strong><\/p>\n<p><strong>\u00a0<\/strong><\/p>\n<p><strong>\u00dcnvan:\u00a0 ECS SUW HOTEL<\/strong><\/p>\n<p><strong>\u00a0<\/strong><\/p>\n<p><strong>ECS SUW HOTEL <\/strong><\/p>\n<p><strong>\u00a0<\/strong><strong>Cumhuriyet, Kandilli Cd. No:58, 55200 <\/strong><\/p>\n<p><strong>Atakum\/Samsun<\/strong><\/p>\n<p><strong>info@suwhotel.com<\/strong><\/p>\n<p><strong>(0362) 438 55 45<\/strong><\/p>\n","protected":false},"excerpt":{"rendered":"<p>G\u0130ZL\u0130L\u0130K \u0130LKELER\u0130 suwhotel.com\u2019un (ECS SUW HOTEL) gizlilik politikas\u0131 a\u015fa\u011f\u0131da belirtilmi\u015ftir, suwhotel.com\u2019u ziyaret ederek a\u015fa\u011f\u0131daki \u015fartlar\u0131 ve kurallar\u0131 uygulamay\u0131 kabul etmi\u015f say\u0131lmaktas\u0131n\u0131z. \u00a0 Sitemizde yer alan her [&hellip;]<\/p>\n","protected":false},"author":1,"featured_media":0,"parent":0,"menu_order":0,"comment_status":"closed","ping_status":"closed","template":"","meta":{"_mi_skip_tracking":false,"_monsterinsights_sitenote_active":false,"_monsterinsights_sitenote_note":"","_monsterinsights_sitenote_category":0,"footnotes":""},"aioseo_notices":[],"_links":{"self":[{"href":"https:\/\/suwhotel.com\/tr\/wp-json\/wp\/v2\/pages\/1944"}],"collection":[{"href":"https:\/\/suwhotel.com\/tr\/wp-json\/wp\/v2\/pages"}],"about":[{"href":"https:\/\/suwhotel.com\/tr\/wp-json\/wp\/v2\/types\/page"}],"author":[{"embeddable":true,"href":"https:\/\/suwhotel.com\/tr\/wp-json\/wp\/v2\/users\/1"}],"replies":[{"embeddable":true,"href":"https:\/\/suwhotel.com\/tr\/wp-json\/wp\/v2\/comments?post=1944"}],"version-history":[{"count":2,"href":"https:\/\/suwhotel.com\/tr\/wp-json\/wp\/v2\/pages\/1944\/revisions"}],"predecessor-version":[{"id":1947,"href":"https:\/\/suwhotel.com\/tr\/wp-json\/wp\/v2\/pages\/1944\/revisions\/1947"}],"wp:attachment":[{"href":"https:\/\/suwhotel.com\/tr\/wp-json\/wp\/v2\/media?parent=1944"}],"curies":[{"name":"wp","href":"https:\/\/api.w.org\/{rel}","templated":true}]}}