{"id":230,"date":"2017-12-22T18:50:19","date_gmt":"2017-12-22T18:50:19","guid":{"rendered":"http:\/\/suwhotel.com\/en\/?page_id=230"},"modified":"2020-07-26T08:30:46","modified_gmt":"2020-07-26T08:30:46","slug":"tween-gul-kurusu-oda","status":"publish","type":"page","link":"https:\/\/suwhotel.com\/en\/tween-gul-kurusu-oda\/","title":{"rendered":"Tween G\u00fcl Kurusu Oda"},"content":{"rendered":"<p>Wenn sie &#8216;strg&#8217; gedr\u00fcckt halten <a href=\"https:\/\/schriftle.com\/doktorarbeit\/\">ghostwriter doktorarbeit medizin kosten<\/a> w\u00e4hrend sie auf das &#8216;+&#8217; einer rubrik klicken, werden alle unterrubriken dieser rubrik ge\u00f6ffnet.<\/p>\n","protected":false},"excerpt":{"rendered":"<p>Wenn sie &#8216;strg&#8217; gedr\u00fcckt halten ghostwriter doktorarbeit medizin kosten w\u00e4hrend sie auf das &#8216;+&#8217; einer rubrik klicken, werden alle unterrubriken dieser rubrik ge\u00f6ffnet.<\/p>\n","protected":false},"author":1,"featured_media":0,"parent":0,"menu_order":0,"comment_status":"closed","ping_status":"closed","template":"","meta":{"om_disable_all_campaigns":false,"_mi_skip_tracking":false,"_monsterinsights_sitenote_active":false,"_monsterinsights_sitenote_note":"","_monsterinsights_sitenote_category":0,"footnotes":""},"aioseo_notices":[],"_links":{"self":[{"href":"https:\/\/suwhotel.com\/en\/wp-json\/wp\/v2\/pages\/230"}],"collection":[{"href":"https:\/\/suwhotel.com\/en\/wp-json\/wp\/v2\/pages"}],"about":[{"href":"https:\/\/suwhotel.com\/en\/wp-json\/wp\/v2\/types\/page"}],"author":[{"embeddable":true,"href":"https:\/\/suwhotel.com\/en\/wp-json\/wp\/v2\/users\/1"}],"replies":[{"embeddable":true,"href":"https:\/\/suwhotel.com\/en\/wp-json\/wp\/v2\/comments?post=230"}],"version-history":[{"count":2,"href":"https:\/\/suwhotel.com\/en\/wp-json\/wp\/v2\/pages\/230\/revisions"}],"predecessor-version":[{"id":396,"href":"https:\/\/suwhotel.com\/en\/wp-json\/wp\/v2\/pages\/230\/revisions\/396"}],"wp:attachment":[{"href":"https:\/\/suwhotel.com\/en\/wp-json\/wp\/v2\/media?parent=230"}],"curies":[{"name":"wp","href":"https:\/\/api.w.org\/{rel}","templated":true}]}}